{"id":19,"date":"2023-09-22T20:54:19","date_gmt":"2023-09-22T20:54:19","guid":{"rendered":"https:\/\/urlaub-hexenhaus.de\/?page_id=19"},"modified":"2024-01-04T19:00:31","modified_gmt":"2024-01-04T19:00:31","slug":"galerie","status":"publish","type":"page","link":"https:\/\/urlaub-hexenhaus.de\/?page_id=19","title":{"rendered":"Galerie"},"content":{"rendered":"\n<p><strong>Das Hexenhaus mit Garten<\/strong><\/p>\n\n\n\nngg_shortcode_0_placeholder\n\n\n\n<p><strong>Gesonderter Hundebereich<\/strong><\/p>\n\n\n\n<p class=\"has-small-font-size\">Ein verschlie\u00dfbarer Bereich, falls Ihr Vierbeiner mal eine Auszeit ben\u00f6tigt<\/p>\n\n\n\nngg_shortcode_1_placeholder\n\n\n\n<p><strong> K\u00fcche<\/strong><\/p>\n\n\n\nngg_shortcode_2_placeholder\n\n\n\n<p><strong>Wohn-\/ Essbereich<\/strong><\/p>\n\n\n\nngg_shortcode_3_placeholder\n\n\n\n<p><strong>Bad 1<\/strong><\/p>\n\n\n\nngg_shortcode_4_placeholder\n\n\n\n<p><strong>Bad 2<\/strong><\/p>\n\n\n\nngg_shortcode_5_placeholder\n\n\n\n<p><strong>Schlafzimmer 1<\/strong><\/p>\n\n\n\nngg_shortcode_6_placeholder\n\n\n\n<p><strong>Schlafzimmer 2<\/strong><\/p>\n\n\n\nngg_shortcode_7_placeholder\n\n\n\n<p><strong>Schlafzimmer 3<\/strong><\/p>\n\n\n\nngg_shortcode_8_placeholder\n\n\n\n<p><strong>Hauswirtschaftsraum, Abstellraum<\/strong><\/p>\n\n\n\n<p>Bilder folgen<\/p>\n\n\n\n<p><strong>Vorraum \/ Treppenhaus<\/strong><\/p>\n\n\n\nngg_shortcode_9_placeholder\n\n\n\n<p><strong>Impressionen<\/strong><\/p>\n\n\n\nngg_shortcode_10_placeholder\n","protected":false},"excerpt":{"rendered":"<p>Das Hexenhaus mit Garten Gesonderter Hundebereich Ein verschlie\u00dfbarer Bereich, falls Ihr Vierbeiner mal eine Auszeit ben\u00f6tigt K\u00fcche Wohn-\/ Essbereich Bad 1 Bad 2 Schlafzimmer 1 Schlafzimmer 2 Schlafzimmer 3 Hauswirtschaftsraum, Abstellraum Bilder folgen Vorraum \/ Treppenhaus Impressionen<\/p>\n","protected":false},"author":1,"featured_media":0,"parent":0,"menu_order":0,"comment_status":"closed","ping_status":"closed","template":"","meta":{"ngg_post_thumbnail":0,"footnotes":""},"_links":{"self":[{"href":"https:\/\/urlaub-hexenhaus.de\/index.php?rest_route=\/wp\/v2\/pages\/19"}],"collection":[{"href":"https:\/\/urlaub-hexenhaus.de\/index.php?rest_route=\/wp\/v2\/pages"}],"about":[{"href":"https:\/\/urlaub-hexenhaus.de\/index.php?rest_route=\/wp\/v2\/types\/page"}],"author":[{"embeddable":true,"href":"https:\/\/urlaub-hexenhaus.de\/index.php?rest_route=\/wp\/v2\/users\/1"}],"replies":[{"embeddable":true,"href":"https:\/\/urlaub-hexenhaus.de\/index.php?rest_route=%2Fwp%2Fv2%2Fcomments&post=19"}],"version-history":[{"count":20,"href":"https:\/\/urlaub-hexenhaus.de\/index.php?rest_route=\/wp\/v2\/pages\/19\/revisions"}],"predecessor-version":[{"id":288,"href":"https:\/\/urlaub-hexenhaus.de\/index.php?rest_route=\/wp\/v2\/pages\/19\/revisions\/288"}],"wp:attachment":[{"href":"https:\/\/urlaub-hexenhaus.de\/index.php?rest_route=%2Fwp%2Fv2%2Fmedia&parent=19"}],"curies":[{"name":"wp","href":"https:\/\/api.w.org\/{rel}","templated":true}]}}