{"id":5,"date":"2023-09-15T05:09:43","date_gmt":"2023-09-15T05:09:43","guid":{"rendered":"http:\/\/urlaub-hexenhaus.de\/willkommen-auf-http-urlaub-hexenhaus-de\/"},"modified":"2023-12-01T10:10:08","modified_gmt":"2023-12-01T10:10:08","slug":"willkommen-auf-http-urlaub-hexenhaus-de","status":"publish","type":"page","link":"https:\/\/urlaub-hexenhaus.de\/","title":{"rendered":"Willkommen im Hexenhaus"},"content":{"rendered":"\n<p class=\"has-text-align-left\">Herzlich Willkommen in unserem familienfreundlichen Hexenhaus.<\/p>\n\n\n\n<p class=\"has-text-align-left\">Wir m\u00f6chten Sie in unserem kleinen H\u00e4uschen am Waldrand herzlich begr\u00fc\u00dfen. In direkter Nachbarschaft gibt es neben Fuchs, Reh und Hase nur ein weiteres Haus.<\/p>\n\n\n\n<p class=\"has-text-align-left\">In einer Oase f\u00fcr Mensch und Hund, m\u00fcssen Sie sich keine Gedanken machen, wenn Ihr Vierbeiner einmal bellt, oder die Kinder einfach Kind sein wollen. Genie\u00dfen Sie gemeinsam einen stressfreien Urlaub.<\/p>\n\n\n\n<p class=\"has-text-align-left\">Auf unserem 5.000 m\u00b2 gro\u00dfen Gel\u00e4nde k\u00f6nnen Sie Ihren Hund in einem eingez\u00e4unten (1,70m hoch) Bereich um das Hexenhaus herum frei laufen lassen. Das \u00fcbrige nicht eingez\u00e4unte Gel\u00e4nde kann ebenso genutzt werden.<\/p>\n\n\n\n<p class=\"has-text-align-left\">Entspannen und entschleunigen Sie im wundersch\u00f6nen Hunsr\u00fcck.<\/p>\n","protected":false},"excerpt":{"rendered":"<p>Herzlich Willkommen in unserem familienfreundlichen Hexenhaus. Wir m\u00f6chten Sie in unserem kleinen H\u00e4uschen am Waldrand herzlich begr\u00fc\u00dfen. In direkter Nachbarschaft gibt es neben Fuchs, Reh und Hase nur ein weiteres Haus. In einer Oase f\u00fcr Mensch und Hund, m\u00fcssen Sie sich keine Gedanken machen, wenn Ihr Vierbeiner einmal bellt, oder die Kinder einfach Kind sein [&hellip;]<\/p>\n","protected":false},"author":1,"featured_media":0,"parent":0,"menu_order":0,"comment_status":"closed","ping_status":"open","template":"","meta":{"ngg_post_thumbnail":0,"footnotes":""},"_links":{"self":[{"href":"https:\/\/urlaub-hexenhaus.de\/index.php?rest_route=\/wp\/v2\/pages\/5"}],"collection":[{"href":"https:\/\/urlaub-hexenhaus.de\/index.php?rest_route=\/wp\/v2\/pages"}],"about":[{"href":"https:\/\/urlaub-hexenhaus.de\/index.php?rest_route=\/wp\/v2\/types\/page"}],"author":[{"embeddable":true,"href":"https:\/\/urlaub-hexenhaus.de\/index.php?rest_route=\/wp\/v2\/users\/1"}],"replies":[{"embeddable":true,"href":"https:\/\/urlaub-hexenhaus.de\/index.php?rest_route=%2Fwp%2Fv2%2Fcomments&post=5"}],"version-history":[{"count":9,"href":"https:\/\/urlaub-hexenhaus.de\/index.php?rest_route=\/wp\/v2\/pages\/5\/revisions"}],"predecessor-version":[{"id":226,"href":"https:\/\/urlaub-hexenhaus.de\/index.php?rest_route=\/wp\/v2\/pages\/5\/revisions\/226"}],"wp:attachment":[{"href":"https:\/\/urlaub-hexenhaus.de\/index.php?rest_route=%2Fwp%2Fv2%2Fmedia&parent=5"}],"curies":[{"name":"wp","href":"https:\/\/api.w.org\/{rel}","templated":true}]}}