{"id":82,"date":"2023-09-22T20:54:19","date_gmt":"2023-09-22T20:54:19","guid":{"rendered":"https:\/\/urlaub-hexenhaus.de\/?page_id=82"},"modified":"2023-09-22T20:54:19","modified_gmt":"2023-09-22T20:54:19","slug":"aktivitaeten-und-restaurants","status":"publish","type":"page","link":"https:\/\/urlaub-hexenhaus.de\/?page_id=82","title":{"rendered":"Aktivit\u00e4ten und Restaurants"},"content":{"rendered":"\n<p class=\"has-large-font-size\"><strong>Aktivit\u00e4ten<\/strong><\/p>\n\n\n\n<p><a href=\"https:\/\/www.hunsruecktouristik.de\/reisethemen\" target=\"_blank\" rel=\"noreferrer noopener\">Hunsr\u00fccktouristik &#8211; Wandern, Radeln und Co.<\/a><\/p>\n\n\n\n<p><a href=\"https:\/\/www.hunsrueck-mittelrhein.de\/wandern\/premiumwege\/traumschleifen?gclid=EAIaIQobChMIoJL9xIyvgQMVIuTmCh0tbQ6wEAAYASAAEgKIdvD_BwE\" target=\"_blank\" rel=\"noreferrer noopener\">Traumschleifen Hunsr\u00fcck-Mittelrhein<\/a><\/p>\n\n\n\n<p><a href=\"https:\/\/www.naturfreibad-simmern.de\/\" target=\"_blank\" rel=\"noreferrer noopener\">Naturfreibad Simmern, ca. 2 km Entfernung<\/a><\/p>\n\n\n\n<p><a href=\"https:\/\/www.sim-rhb.de\/tourismus\/baeder\" target=\"_blank\" rel=\"noreferrer noopener\">B\u00e4der Simmern\/Rheinb\u00f6llen, ca. 2 km \/ 16 km Entfernung<\/a><\/p>\n\n\n\n<p><a href=\"https:\/\/www.tier-erlebnisparkbell.de\/\" target=\"_blank\" rel=\"noreferrer noopener\">Tiererlebnispark Bell, ca. 14 km Entfernung<\/a><\/p>\n\n\n\n<p><a href=\"https:\/\/www.itakeoff.de\/\" target=\"_blank\" rel=\"noreferrer noopener\">Flugsimulator iTakeoff, Kastellaun, ca. 14 km Entfernung<\/a><\/p>\n\n\n\n<p><a href=\"https:\/\/www.tierpark-rheinboellen.de\/\" target=\"_blank\" rel=\"noreferrer noopener\">Hochwildschutzpark Rheinb\u00f6llen, ca. 16 km Entfernung<\/a><\/p>\n\n\n\n<p><a href=\"https:\/\/geierlay.de\/\" target=\"_blank\" rel=\"noreferrer noopener\">H\u00e4ngeseilbr\u00fccke Geierlay, ca. 24 km Entfernung<\/a><\/p>\n\n\n\n<p><a href=\"https:\/\/www.hunsrueck-mittelrhein.de\/wandern\/premiumwege\/traumschleifen?gclid=EAIaIQobChMIoJL9xIyvgQMVIuTmCh0tbQ6wEAAYASAAEgKIdvD_BwE\" target=\"_blank\" rel=\"noreferrer noopener\">Kugelbahn, Zilshausen, ca. 24 km Entfernung<\/a><\/p>\n\n\n\n<p><a href=\"https:\/\/moselbad.de\/\" target=\"_blank\" rel=\"noreferrer noopener\">Moselbad Cochem, ca. 46 km Entfernung<\/a><\/p>\n\n\n\n<p><a href=\"https:\/\/burg-eltz.de\/de\/startseite\" target=\"_blank\" rel=\"noreferrer noopener\">Burg Eltz, Wierschem, ca. 70 km Entfernung<\/a><\/p>\n\n\n\n<p><a href=\"https:\/\/www.visit-koblenz.de\/de\/sehenswuerdigkeiten\/deutsches-eck\" target=\"_blank\" rel=\"noreferrer noopener\">Deutsches Eck, Koblenz, ca. 75 km Entfernung<\/a><\/p>\n\n\n\n<p class=\"has-large-font-size\"><strong>Restaurants<\/strong><\/p>\n\n\n\n<p><a href=\"https:\/\/www.hotel-bergschloesschen.de\/\" target=\"_blank\" rel=\"noreferrer noopener\">Restaurant Bergschl\u00f6\u00dfchen, Simmern, ca. 200 m Entfernung<\/a><\/p>\n\n\n\n<p><a href=\"https:\/\/www.gigis-pizzeria.de\/\" target=\"_blank\" rel=\"noreferrer noopener\">GiGi\u00b4s Pizzeria, Simmern, ca. 2 km Entfernung<\/a><\/p>\n\n\n\n<p><a href=\"https:\/\/www.mcdonalds.com\/de\/de-de\/restaurant-suche.html\/l\/simmern-hunsruck\/sonnenhof-11\/1156&amp;cid=listing_1156\" target=\"_blank\" rel=\"noreferrer noopener\">McDonalds, Simmern, ca. 2 km Entfernung<\/a><\/p>\n\n\n\n<p><a href=\"https:\/\/hausdesdoners.de\/\" target=\"_blank\" rel=\"noreferrer noopener\">Haus des D\u00f6ners, Simmern, Marktstra\u00dfe 45, ca. 2 km Entfernung<\/a><\/p>\n\n\n\n<p><a href=\"https:\/\/www.facebook.com\/p\/Dalmatino-100063490423267\/\" target=\"_blank\" rel=\"noreferrer noopener\">Restaurant Dalmatino (kroatisch), K\u00fcmbdchen, ca. 3 km Entfernung<\/a><\/p>\n\n\n\n<p><a href=\"https:\/\/www.landidyll-birkenhof.de\/\" target=\"_blank\" rel=\"noreferrer noopener\">Restaurant Birkenhof, Klosterkumbd, ca. 10 km Entfernung<\/a><\/p>\n\n\n\n<p><a href=\"https:\/\/www.burgstadt.de\/afroditi\" target=\"_blank\" rel=\"noreferrer noopener\">Afroditi, Kastellaun, ca. 14 km Entfernung<\/a><\/p>\n\n\n\n<p><a href=\"https:\/\/taverne-kastellaun.de\/\" target=\"_blank\" rel=\"noreferrer noopener\">Taverne, Kastellaun, ca. 14 km Entfernung<\/a><\/p>\n","protected":false},"excerpt":{"rendered":"<p>Aktivit\u00e4ten Hunsr\u00fccktouristik &#8211; Wandern, Radeln und Co. Traumschleifen Hunsr\u00fcck-Mittelrhein Naturfreibad Simmern, ca. 2 km Entfernung B\u00e4der Simmern\/Rheinb\u00f6llen, ca. 2 km \/ 16 km Entfernung Tiererlebnispark Bell, ca. 14 km Entfernung Flugsimulator iTakeoff, Kastellaun, ca. 14 km Entfernung Hochwildschutzpark Rheinb\u00f6llen, ca. 16 km Entfernung H\u00e4ngeseilbr\u00fccke Geierlay, ca. 24 km Entfernung Kugelbahn, Zilshausen, ca. 24 km Entfernung [&hellip;]<\/p>\n","protected":false},"author":1,"featured_media":0,"parent":0,"menu_order":0,"comment_status":"closed","ping_status":"closed","template":"","meta":{"ngg_post_thumbnail":0,"footnotes":""},"_links":{"self":[{"href":"https:\/\/urlaub-hexenhaus.de\/index.php?rest_route=\/wp\/v2\/pages\/82"}],"collection":[{"href":"https:\/\/urlaub-hexenhaus.de\/index.php?rest_route=\/wp\/v2\/pages"}],"about":[{"href":"https:\/\/urlaub-hexenhaus.de\/index.php?rest_route=\/wp\/v2\/types\/page"}],"author":[{"embeddable":true,"href":"https:\/\/urlaub-hexenhaus.de\/index.php?rest_route=\/wp\/v2\/users\/1"}],"replies":[{"embeddable":true,"href":"https:\/\/urlaub-hexenhaus.de\/index.php?rest_route=%2Fwp%2Fv2%2Fcomments&post=82"}],"version-history":[{"count":5,"href":"https:\/\/urlaub-hexenhaus.de\/index.php?rest_route=\/wp\/v2\/pages\/82\/revisions"}],"predecessor-version":[{"id":175,"href":"https:\/\/urlaub-hexenhaus.de\/index.php?rest_route=\/wp\/v2\/pages\/82\/revisions\/175"}],"wp:attachment":[{"href":"https:\/\/urlaub-hexenhaus.de\/index.php?rest_route=%2Fwp%2Fv2%2Fmedia&parent=82"}],"curies":[{"name":"wp","href":"https:\/\/api.w.org\/{rel}","templated":true}]}}