{"id":90,"date":"2023-09-22T20:54:19","date_gmt":"2023-09-22T20:54:19","guid":{"rendered":"https:\/\/urlaub-hexenhaus.de\/?page_id=90"},"modified":"2023-09-22T20:54:19","modified_gmt":"2023-09-22T20:54:19","slug":"infos-hexenhaus","status":"publish","type":"page","link":"https:\/\/urlaub-hexenhaus.de\/?page_id=90","title":{"rendered":"Infos Hexenhaus"},"content":{"rendered":"\n<p>Das in den Ende der 1930er Jahren auf einem 5.000m\u00b2 gro\u00dfen Gel\u00e4nde erbaute Haus, wurde 2023 kernsaniert und strahlt nun mit dem alten Charme in neuem Glanz. <\/p>\n\n\n\n<p>Das Hexenhaus liegt im Hunsr\u00fcck, s\u00fcdwestlich in Deutschland, umgeben von Eifel, Pfalz, Westerwald und Rheingau. <\/p>\n\n\n\n<p>Der Hunsr\u00fcck ist vielseitig. Seien es die Fl\u00fcsse Rhein, Mosel und Nahe oder die zahlreichen W\u00e4lder und Wanderwege sowie der 38km lange Schinderhannes-Radweg von Simmern nach Emmelshausen.<\/p>\n\n\n\n<p>Sie haben die M\u00f6glichkeit von der wundersch\u00f6nen Landschaft und Natur die nahegelegenen St\u00e4dte, wie Mainz, Wiesbaden, Koblenz, Frankfurt oder auch die sch\u00f6nen Moselst\u00e4dte, wie Bernkastel-Kues, Traben-Trarbach oder Cochem zu erkunden. <\/p>\n\n\n\n<p>Der direkt am Haus gelegene ruhige Wanderweg, bietet die M\u00f6glichkeit direkt mit Ihrem Hund in die Natur abzutauchen. <\/p>\n\n\n\n<p>Tauchen Sie ein in ein Paradies f\u00fcr Mensch und Hund. Bei uns k\u00f6nnen Sie abtauchen, entspannen, entschleunigen oder aktiv sein.<\/p>\n\n\n\n<hr class=\"wp-block-separator has-alpha-channel-opacity\"\/>\n\n\n\n<p class=\"has-large-font-size\"><strong>Einkaufen<\/strong><\/p>\n\n\n\n<p><a href=\"https:\/\/www.rewe.de\/marktseite\/simmern\/1478480\/rewe-markt-koblenzer-str-107?ecid=seo_localseo_1478480_g_nn_nn_nn_nn_nn\" target=\"_blank\" rel=\"noreferrer noopener\">Rewe, Koblenzer Str. 107, Simmern<\/a><\/p>\n\n\n\n<p><a href=\"https:\/\/www.globus.de\/simmern\/index.php\" target=\"_blank\" rel=\"noreferrer noopener\">Globus, Argenthaler Str., Simmern<\/a><\/p>\n\n\n\n<p>Lidl, Koblenzer Str. 103, Simmern<\/p>\n\n\n\n<p>Aldi, Johann-Philipp-Reis-Stra\u00dfe 14a, Simmern<\/p>\n\n\n\n<p class=\"has-large-font-size\"><strong>Sonstiges<\/strong><\/p>\n\n\n\n<p><a href=\"https:\/\/www.kreuznacherdiakonie.de\/krankenhaeuser\/hunsrueck-klinik-simmern\/\" target=\"_blank\" rel=\"noreferrer noopener\">Hunsr\u00fcck Klinik Simmern<\/a><\/p>\n","protected":false},"excerpt":{"rendered":"<p>Das in den Ende der 1930er Jahren auf einem 5.000m\u00b2 gro\u00dfen Gel\u00e4nde erbaute Haus, wurde 2023 kernsaniert und strahlt nun mit dem alten Charme in neuem Glanz. Das Hexenhaus liegt im Hunsr\u00fcck, s\u00fcdwestlich in Deutschland, umgeben von Eifel, Pfalz, Westerwald und Rheingau. Der Hunsr\u00fcck ist vielseitig. Seien es die Fl\u00fcsse Rhein, Mosel und Nahe oder [&hellip;]<\/p>\n","protected":false},"author":1,"featured_media":0,"parent":0,"menu_order":0,"comment_status":"closed","ping_status":"closed","template":"","meta":{"ngg_post_thumbnail":0,"footnotes":""},"_links":{"self":[{"href":"https:\/\/urlaub-hexenhaus.de\/index.php?rest_route=\/wp\/v2\/pages\/90"}],"collection":[{"href":"https:\/\/urlaub-hexenhaus.de\/index.php?rest_route=\/wp\/v2\/pages"}],"about":[{"href":"https:\/\/urlaub-hexenhaus.de\/index.php?rest_route=\/wp\/v2\/types\/page"}],"author":[{"embeddable":true,"href":"https:\/\/urlaub-hexenhaus.de\/index.php?rest_route=\/wp\/v2\/users\/1"}],"replies":[{"embeddable":true,"href":"https:\/\/urlaub-hexenhaus.de\/index.php?rest_route=%2Fwp%2Fv2%2Fcomments&post=90"}],"version-history":[{"count":6,"href":"https:\/\/urlaub-hexenhaus.de\/index.php?rest_route=\/wp\/v2\/pages\/90\/revisions"}],"predecessor-version":[{"id":185,"href":"https:\/\/urlaub-hexenhaus.de\/index.php?rest_route=\/wp\/v2\/pages\/90\/revisions\/185"}],"wp:attachment":[{"href":"https:\/\/urlaub-hexenhaus.de\/index.php?rest_route=%2Fwp%2Fv2%2Fmedia&parent=90"}],"curies":[{"name":"wp","href":"https:\/\/api.w.org\/{rel}","templated":true}]}}